{"id":506,"date":"2026-04-20T17:17:09","date_gmt":"2026-04-20T15:17:09","guid":{"rendered":"http:\/\/portainer.gmule.io\/?page_id=506"},"modified":"2026-04-20T17:17:14","modified_gmt":"2026-04-20T15:17:14","slug":"faq","status":"publish","type":"page","link":"https:\/\/portainer.gmule.io\/index.php\/faq\/","title":{"rendered":"FAQ"},"content":{"rendered":"\n<p data-block-type=\"core\">Vorresti Associarti ma hai ancora qualche dubbio?<\/p>\n\n\n\n<div class=\"wp-block-stackable-expand stk-block-expand stk-block stk-34a4521\" data-block-id=\"34a4521\"><div class=\"stk-inner-blocks stk-block-content\">\n<div class=\"wp-block-stackable-text stk-block-text stk-block stk-9b6ee13 stk-block-expand__short-text\" aria-hidden=\"false\" data-block-id=\"9b6ee13\"><style>.stk-9b6ee13 .stk-block-text__text{font-size:var(--stk--preset--font-size--large, 30px) !important;}@media screen and (max-width:999px){.stk-9b6ee13 .stk-block-text__text{font-size:var(--stk--preset--font-size--large, 30px) !important;}}<\/style><p class=\"stk-block-text__text\"><strong>Quali sono i nostri Obiettivi?<\/strong><\/p><\/div>\n\n\n\n<div class=\"wp-block-stackable-button stk-block-button is-style-link stk-block-expand__show-button stk-block stk-4c7fab4\" data-block-id=\"4c7fab4\"><a aria-hidden=\"false\" role=\"button\" aria-expanded=\"false\" class=\"stk-link stk-button stk--hover-effect-darken\" href=\"#\"><span class=\"stk-button__inner-text\">Mostra di pi\u00f9<\/span><\/a><\/div>\n\n\n\n<div class=\"wp-block-stackable-text stk-block-text stk-block stk-bde63f4 stk-block-expand__more-text\" aria-hidden=\"true\" data-block-id=\"bde63f4\"><p class=\"stk-block-text__text\"><strong>1. <\/strong>Promuovere l&#8217;incontro tra tradizioni e culture diverse attraverso attivit\u00e0 educative e culturali.<br><strong>2.<\/strong> Creare uno spazio di confronto e dialogo interdisciplinare che stimoli la curiosit\u00e0 e la riflessione.<br><strong>3<\/strong>. Offrire opportunit\u00e0 di apprendimento per scoprire e valorizzare il patrimonio culturale locale, in modo che il ritorno alle proprie radici sia un atto di consapevolezza arricchita<br>da esperienze internazionali.<br><strong>4.<\/strong> Utilizzare il concetto di emigrazione come un&#8217;opportunit\u00e0 di crescita personale, professionale e culturale, dando valore all&#8217;esperienza vissuta all&#8217;estero come un ponte verso<br>il ritorno alle tradizioni.<br><strong>5<\/strong> .In ogni nostra iniziativa, crediamo che il mondo sia una finestra che si apre per far entrare nuove prospettive, e che ogni ritorno alle radici debba essere un passo verso una<br>crescita arricchita da tutto ci\u00f2 che si \u00e8 imparato.<\/p><\/div>\n\n\n\n<div class=\"wp-block-stackable-button stk-block-button is-style-link stk-block-expand__hide-button stk-block stk-81f6776\" data-block-id=\"81f6776\"><a aria-hidden=\"true\" role=\"button\" aria-expanded=\"true\" class=\"stk-link stk-button stk--hover-effect-darken\" href=\"#\"><span class=\"stk-button__inner-text\">Mostra meno<\/span><\/a><\/div>\n<\/div><\/div>\n\n\n\n<div class=\"wp-block-stackable-expand stk-block-expand stk-block stk-c79d1b0\" data-block-id=\"c79d1b0\"><div class=\"stk-inner-blocks stk-block-content\">\n<div class=\"wp-block-stackable-text stk-block-text stk-block stk-afe287a stk-block-expand__short-text\" aria-hidden=\"false\" data-block-id=\"afe287a\"><style>.stk-afe287a .stk-block-text__text{font-size:var(--stk--preset--font-size--large, 30px) !important;}@media screen and (max-width:999px){.stk-afe287a .stk-block-text__text{font-size:var(--stk--preset--font-size--large, 30px) !important;}}<\/style><p class=\"stk-block-text__text\"><strong>A chi ci rivolgiamo?<\/strong><\/p><\/div>\n\n\n\n<div class=\"wp-block-stackable-button stk-block-button is-style-link stk-block-expand__show-button stk-block stk-fe5cfba\" data-block-id=\"fe5cfba\"><a aria-hidden=\"false\" role=\"button\" aria-expanded=\"false\" class=\"stk-link stk-button stk--hover-effect-darken\" href=\"#\"><span class=\"stk-button__inner-text\">Mostra di pi\u00f9<\/span><\/a><\/div>\n\n\n\n<div class=\"wp-block-stackable-text stk-block-text stk-block stk-caaedb8 stk-block-expand__more-text\" aria-hidden=\"true\" data-block-id=\"caaedb8\"><p class=\"stk-block-text__text\">&#8211; ADOLESCENTI (14 &#8211; 18)<br>&#8211; RAGAZZI (19 &#8211; 27)<br>&#8211; GIOVANI ADULTI (30 &#8211; 40)<\/p><\/div>\n\n\n\n<div class=\"wp-block-stackable-button stk-block-button is-style-link stk-block-expand__hide-button stk-block stk-929ee5f\" data-block-id=\"929ee5f\"><a aria-hidden=\"true\" role=\"button\" aria-expanded=\"true\" class=\"stk-link stk-button stk--hover-effect-darken\" href=\"#\"><span class=\"stk-button__inner-text\">Mostra meno<\/span><\/a><\/div>\n<\/div><\/div>\n\n\n\n<div class=\"wp-block-stackable-expand stk-block-expand stk-block stk-650353f\" data-block-id=\"650353f\"><div class=\"stk-inner-blocks stk-block-content\">\n<div class=\"wp-block-stackable-text stk-block-text stk-block stk-b86feae stk-block-expand__short-text\" aria-hidden=\"false\" data-block-id=\"b86feae\"><style>.stk-b86feae .stk-block-text__text{font-size:var(--stk--preset--font-size--large, 30px) !important;}@media screen and (max-width:999px){.stk-b86feae .stk-block-text__text{font-size:var(--stk--preset--font-size--large, 30px) !important;}}<\/style><p class=\"stk-block-text__text\"><strong>Quanto Costa Associarsi?<\/strong><\/p><\/div>\n\n\n\n<div class=\"wp-block-stackable-button stk-block-button is-style-link stk-block-expand__show-button stk-block stk-703c869\" data-block-id=\"703c869\"><a aria-hidden=\"false\" role=\"button\" aria-expanded=\"false\" class=\"stk-link stk-button stk--hover-effect-darken\" href=\"#\"><span class=\"stk-button__inner-text\">Mostra di pi\u00f9<\/span><\/a><\/div>\n\n\n\n<div class=\"wp-block-stackable-text stk-block-text stk-block stk-7e0b352 stk-block-expand__more-text\" aria-hidden=\"true\" data-block-id=\"7e0b352\"><p class=\"stk-block-text__text\">\u20ac10 under 25<br>\u20ac20 da 26anni<\/p><\/div>\n\n\n\n<div class=\"wp-block-stackable-button stk-block-button is-style-link stk-block-expand__hide-button stk-block stk-cbca50d\" data-block-id=\"cbca50d\"><a aria-hidden=\"true\" role=\"button\" aria-expanded=\"true\" class=\"stk-link stk-button stk--hover-effect-darken\" href=\"#\"><span class=\"stk-button__inner-text\">Mostra meno<\/span><\/a><\/div>\n<\/div><\/div>\n\n\n\n<div class=\"wp-block-stackable-expand stk-block-expand stk-block stk-e12fd49\" data-block-id=\"e12fd49\"><style>.stk-e12fd49 {margin-bottom:NaNpx !important;}<\/style><div class=\"stk-inner-blocks stk-block-content\">\n<div class=\"wp-block-stackable-text stk-block-text stk-block stk-90584dc stk-block-expand__short-text\" aria-hidden=\"false\" data-block-id=\"90584dc\"><style>.stk-90584dc .stk-block-text__text{font-size:var(--stk--preset--font-size--large, 30px) !important;}@media screen and (max-width:999px){.stk-90584dc .stk-block-text__text{font-size:var(--stk--preset--font-size--large, 30px) !important;}}<\/style><p class=\"stk-block-text__text\"><strong>Cosa Comprende la quota associativa?<\/strong><\/p><\/div>\n\n\n\n<div class=\"wp-block-stackable-button stk-block-button is-style-link stk-block-expand__show-button stk-block stk-e88a41f\" data-block-id=\"e88a41f\"><a aria-hidden=\"false\" role=\"button\" aria-expanded=\"false\" class=\"stk-link stk-button stk--hover-effect-darken\" href=\"#\"><span class=\"stk-button__inner-text\">Mostra di pi\u00f9<\/span><\/a><\/div>\n\n\n\n<div class=\"wp-block-stackable-text stk-block-text stk-block stk-6864345 stk-block-expand__more-text\" aria-hidden=\"true\" data-block-id=\"6864345\"><style>.stk-6864345 .stk-block-text__text{font-size:var(--stk--preset--font-size--small, 13px) !important;}@media screen and (max-width:999px){.stk-6864345 .stk-block-text__text{font-size:var(--stk--preset--font-size--small, 13px) !important;}}<\/style><p class=\"stk-block-text__text\">&#8211; TESSERA ANNUALE CARTACEA<br>&#8211; GADGET (adesivo)<br>&#8211; INVITO A PARTECIPARE A TUTTE ATTIVITA\u2019 E PROGETTI<br>&#8211; INCLUSIONE A SVILUPPO PROGETT<\/p><\/div>\n\n\n\n<div class=\"wp-block-stackable-button stk-block-button is-style-link stk-block-expand__hide-button stk-block stk-902bcc4\" data-block-id=\"902bcc4\"><a aria-hidden=\"true\" role=\"button\" aria-expanded=\"true\" class=\"stk-link stk-button stk--hover-effect-darken\" href=\"#\"><span class=\"stk-button__inner-text\">Mostra meno<\/span><\/a><\/div>\n<\/div><\/div>\n\n\n\n<hr class=\"wp-block-separator has-alpha-channel-opacity\"\/ data-block-type=\"core\">\n\n\n\n<div class=\"wp-block-stackable-spacer stk-block-spacer stk--no-padding stk-block stk-d93d16b\" data-block-id=\"d93d16b\"><style>.stk-d93d16b {height:89px !important;}<\/style><\/div>\n\n\n\n<div class=\"wp-block-columns is-layout-flex wp-container-core-columns-is-layout-28f84493 wp-block-columns-is-layout-flex\" data-block-type=\"core\">\n<div class=\"wp-block-column is-layout-flow wp-block-column-is-layout-flow\" style=\"flex-basis:33.33%\" data-block-type=\"core\">\n<div class=\"wp-block-stackable-text stk-block-text stk-block stk-22ffee7\" data-block-id=\"22ffee7\"><style>.stk-22ffee7 .stk-block-text__text{font-size:var(--stk--preset--font-size--large, 30px) !important;}@media screen and (max-width:999px){.stk-22ffee7 .stk-block-text__text{font-size:var(--stk--preset--font-size--large, 30px) !important;}}<\/style><p class=\"stk-block-text__text\"><strong>Scirivici, anche solo per chiacchierare<\/strong><\/p><\/div>\n<\/div>\n\n\n\n<div class=\"wp-block-column is-layout-flow wp-block-column-is-layout-flow\" style=\"flex-basis:66.66%\" data-block-type=\"core\"><div class=\"wp-block-jetpack-contact-form\"><a href=\"https:\/\/portainer.gmule.io\/index.php\/faq\/\" target=\"_blank\" rel=\"noopener noreferrer\">Invia un modulo.<\/a><\/div><\/div>\n<\/div>\n","protected":false},"excerpt":{"rendered":"<p>Vorresti Associarti ma hai ancora qualche dubbio? Quali sono i nostri Obiettivi? Mostra di pi\u00f9 1. Promuovere l&#8217;incontro tra tradizioni e culture diverse attraverso attivit\u00e0 educative e culturali.2. Creare uno spazio di confronto e dialogo interdisciplinare che stimoli la curiosit\u00e0 e la riflessione.3. Offrire opportunit\u00e0 di apprendimento per scoprire e valorizzare il patrimonio culturale locale, [&hellip;]<\/p>\n","protected":false},"author":1,"featured_media":0,"parent":0,"menu_order":0,"comment_status":"closed","ping_status":"closed","template":"","meta":{"footnotes":""},"class_list":["post-506","page","type-page","status-publish","hentry"],"blocksy_meta":[],"jetpack_sharing_enabled":true,"_links":{"self":[{"href":"https:\/\/portainer.gmule.io\/index.php\/wp-json\/wp\/v2\/pages\/506","targetHints":{"allow":["GET"]}}],"collection":[{"href":"https:\/\/portainer.gmule.io\/index.php\/wp-json\/wp\/v2\/pages"}],"about":[{"href":"https:\/\/portainer.gmule.io\/index.php\/wp-json\/wp\/v2\/types\/page"}],"author":[{"embeddable":true,"href":"https:\/\/portainer.gmule.io\/index.php\/wp-json\/wp\/v2\/users\/1"}],"replies":[{"embeddable":true,"href":"https:\/\/portainer.gmule.io\/index.php\/wp-json\/wp\/v2\/comments?post=506"}],"version-history":[{"count":1,"href":"https:\/\/portainer.gmule.io\/index.php\/wp-json\/wp\/v2\/pages\/506\/revisions"}],"predecessor-version":[{"id":510,"href":"https:\/\/portainer.gmule.io\/index.php\/wp-json\/wp\/v2\/pages\/506\/revisions\/510"}],"wp:attachment":[{"href":"https:\/\/portainer.gmule.io\/index.php\/wp-json\/wp\/v2\/media?parent=506"}],"curies":[{"name":"wp","href":"https:\/\/api.w.org\/{rel}","templated":true}]}}